{"id":11192,"date":"2020-04-07T13:58:31","date_gmt":"2020-04-07T12:58:31","guid":{"rendered":"https:\/\/the7.io\/business-advisors\/?page_id=9"},"modified":"2023-11-20T17:00:33","modified_gmt":"2023-11-20T20:00:33","slug":"about","status":"publish","type":"page","link":"https:\/\/focoprotecao.com.br\/?page_id=11192","title":{"rendered":"A Foco"},"content":{"rendered":"\t\t<div data-elementor-type=\"wp-page\" data-elementor-id=\"11192\" class=\"elementor elementor-11192\" data-elementor-post-type=\"page\">\n\t\t\t\t\t\t\t\t\t<section class=\"elementor-section elementor-top-section elementor-element elementor-element-1f93ef9 elementor-section-height-min-height elementor-section-items-stretch elementor-section-content-middle elementor-reverse-tablet elementor-reverse-mobile elementor-section-boxed elementor-section-height-default\" data-id=\"1f93ef9\" data-element_type=\"section\">\n\t\t\t\t\t\t<div class=\"elementor-container elementor-column-gap-wider\">\n\t\t\t\t\t<div class=\"elementor-column elementor-col-50 elementor-top-column elementor-element elementor-element-b6e4c3e\" data-id=\"b6e4c3e\" data-element_type=\"column\">\n\t\t\t<div class=\"elementor-widget-wrap elementor-element-populated\">\n\t\t\t\t\t\t\t\t<div class=\"elementor-element elementor-element-89ae8ce elementor-widget elementor-widget-heading\" data-id=\"89ae8ce\" data-element_type=\"widget\" data-widget_type=\"heading.default\">\n\t\t\t\t<div class=\"elementor-widget-container\">\n\t\t\t<h3 class=\"elementor-heading-title elementor-size-default\">A sua melhor escolha<br>em prote\u00e7\u00e3o veicular<\/h3>\t\t<\/div>\n\t\t\t\t<\/div>\n\t\t\t\t<div class=\"elementor-element elementor-element-f0cfc1a elementor-widget elementor-widget-spacer\" data-id=\"f0cfc1a\" data-element_type=\"widget\" data-widget_type=\"spacer.default\">\n\t\t\t\t<div class=\"elementor-widget-container\">\n\t\t\t\t\t<div class=\"elementor-spacer\">\n\t\t\t<div class=\"elementor-spacer-inner\"><\/div>\n\t\t<\/div>\n\t\t\t\t<\/div>\n\t\t\t\t<\/div>\n\t\t\t\t<div class=\"elementor-element elementor-element-48fa18a elementor-widget-tablet__width-inherit elementor-widget elementor-widget-heading\" data-id=\"48fa18a\" data-element_type=\"widget\" data-widget_type=\"heading.default\">\n\t\t\t\t<div class=\"elementor-widget-container\">\n\t\t\t<h4 class=\"elementor-heading-title elementor-size-default\">A Foco \u00e9 uma associa\u00e7\u00e3o de prote\u00e7\u00e3o veicular com DNA inovador, pioneira em oferecer uma prote\u00e7\u00e3o flex\u00edvel e personalizada, com solu\u00e7\u00f5es que cabem no bolso do associado, de acordo com o perfil e necessidade de cada um.<\/h4>\t\t<\/div>\n\t\t\t\t<\/div>\n\t\t\t\t<div class=\"elementor-element elementor-element-ebb3e62 elementor-widget-tablet__width-inherit elementor-widget elementor-widget-heading\" data-id=\"ebb3e62\" data-element_type=\"widget\" data-widget_type=\"heading.default\">\n\t\t\t\t<div class=\"elementor-widget-container\">\n\t\t\t<h4 class=\"elementor-heading-title elementor-size-default\">Oferecemos muito mais que prote\u00e7\u00e3o veicular, oferecemos comodidade, tranquilidade e seguran\u00e7a para nosso associado e seu patrim\u00f4nio. Investimos continuamente em tecnologia e inova\u00e7\u00e3o, buscando sempre fornecer as melhores alternativas para uma prote\u00e7\u00e3o customizada, com atendimento \u00e1gil, transparente e de qualidade.<\/h4>\t\t<\/div>\n\t\t\t\t<\/div>\n\t\t\t\t<div class=\"elementor-element elementor-element-ae33f78 elementor-widget-tablet__width-inherit elementor-widget elementor-widget-heading\" data-id=\"ae33f78\" data-element_type=\"widget\" data-widget_type=\"heading.default\">\n\t\t\t\t<div class=\"elementor-widget-container\">\n\t\t\t<h4 class=\"elementor-heading-title elementor-size-default\">Atrav\u00e9s do associativismo, a Foco oferece a cada associado o suporte necess\u00e1rio para que ele seja assistido com rapidez e efici\u00eancia quanto aos danos causados em seu ve\u00edculo por acidente, colis\u00e3o, inc\u00eandio, furto ou roubo.<\/h4>\t\t<\/div>\n\t\t\t\t<\/div>\n\t\t\t\t\t<\/div>\n\t\t<\/div>\n\t\t\t\t<div class=\"elementor-column elementor-col-50 elementor-top-column elementor-element elementor-element-c8267a5\" data-id=\"c8267a5\" data-element_type=\"column\">\n\t\t\t<div class=\"elementor-widget-wrap elementor-element-populated\">\n\t\t\t\t\t\t\t\t<div class=\"elementor-element elementor-element-b2d3c8a elementor-widget__width-initial elementor-widget-mobile__width-auto elementor-widget elementor-widget-image\" data-id=\"b2d3c8a\" data-element_type=\"widget\" data-widget_type=\"image.default\">\n\t\t\t\t<div class=\"elementor-widget-container\">\n\t\t\t\t\t\t\t\t\t\t\t\t\t\t\t<img decoding=\"async\" src=\"https:\/\/focoprotecao.com.br\/wp-content\/uploads\/elementor\/thumbs\/familia-carro-qfnjwolze7t2evw3bj45vsaq78zsvd2xach341r4ls.jpg\" title=\"familia-carro\" alt=\"familia-carro\" loading=\"lazy\" \/>\t\t\t\t\t\t\t\t\t\t\t\t\t\t\t<\/div>\n\t\t\t\t<\/div>\n\t\t\t\t<div class=\"elementor-element elementor-element-e2b0f33 elementor-widget__width-initial elementor-widget-mobile__width-auto elementor-absolute e-transform e-transform elementor-widget elementor-widget-image\" data-id=\"e2b0f33\" data-element_type=\"widget\" data-settings=\"{&quot;_position&quot;:&quot;absolute&quot;,&quot;_transform_translateX_effect&quot;:{&quot;unit&quot;:&quot;%&quot;,&quot;size&quot;:-18,&quot;sizes&quot;:[]},&quot;_transform_translateX_effect_tablet&quot;:{&quot;unit&quot;:&quot;%&quot;,&quot;size&quot;:&quot;&quot;,&quot;sizes&quot;:[]},&quot;_transform_translateX_effect_mobile&quot;:{&quot;unit&quot;:&quot;%&quot;,&quot;size&quot;:&quot;&quot;,&quot;sizes&quot;:[]},&quot;_transform_translateY_effect&quot;:{&quot;unit&quot;:&quot;%&quot;,&quot;size&quot;:-17,&quot;sizes&quot;:[]},&quot;_transform_translateY_effect_tablet&quot;:{&quot;unit&quot;:&quot;%&quot;,&quot;size&quot;:&quot;&quot;,&quot;sizes&quot;:[]},&quot;_transform_translateY_effect_mobile&quot;:{&quot;unit&quot;:&quot;%&quot;,&quot;size&quot;:&quot;&quot;,&quot;sizes&quot;:[]},&quot;_transform_scale_effect&quot;:{&quot;unit&quot;:&quot;px&quot;,&quot;size&quot;:0.6,&quot;sizes&quot;:[]},&quot;_transform_scale_effect_tablet&quot;:{&quot;unit&quot;:&quot;px&quot;,&quot;size&quot;:&quot;&quot;,&quot;sizes&quot;:[]},&quot;_transform_scale_effect_mobile&quot;:{&quot;unit&quot;:&quot;px&quot;,&quot;size&quot;:&quot;&quot;,&quot;sizes&quot;:[]}}\" data-widget_type=\"image.default\">\n\t\t\t\t<div class=\"elementor-widget-container\">\n\t\t\t\t\t\t\t\t\t\t\t\t\t\t\t<img decoding=\"async\" src=\"https:\/\/focoprotecao.com.br\/wp-content\/uploads\/2022\/10\/sqr021-col1.svg\" title=\"sqr021-col1\" alt=\"sqr021-col1\" loading=\"lazy\" \/>\t\t\t\t\t\t\t\t\t\t\t\t\t\t\t<\/div>\n\t\t\t\t<\/div>\n\t\t\t\t<div class=\"elementor-element elementor-element-27b2fee elementor-widget__width-initial elementor-widget-mobile__width-auto elementor-absolute e-transform e-transform elementor-widget elementor-widget-image\" data-id=\"27b2fee\" data-element_type=\"widget\" data-settings=\"{&quot;_position&quot;:&quot;absolute&quot;,&quot;_transform_translateX_effect&quot;:{&quot;unit&quot;:&quot;%&quot;,&quot;size&quot;:21,&quot;sizes&quot;:[]},&quot;_transform_translateX_effect_tablet&quot;:{&quot;unit&quot;:&quot;%&quot;,&quot;size&quot;:&quot;&quot;,&quot;sizes&quot;:[]},&quot;_transform_translateX_effect_mobile&quot;:{&quot;unit&quot;:&quot;%&quot;,&quot;size&quot;:&quot;&quot;,&quot;sizes&quot;:[]},&quot;_transform_translateY_effect&quot;:{&quot;unit&quot;:&quot;%&quot;,&quot;size&quot;:28,&quot;sizes&quot;:[]},&quot;_transform_translateY_effect_tablet&quot;:{&quot;unit&quot;:&quot;%&quot;,&quot;size&quot;:&quot;&quot;,&quot;sizes&quot;:[]},&quot;_transform_translateY_effect_mobile&quot;:{&quot;unit&quot;:&quot;%&quot;,&quot;size&quot;:&quot;&quot;,&quot;sizes&quot;:[]},&quot;_transform_scale_effect&quot;:{&quot;unit&quot;:&quot;px&quot;,&quot;size&quot;:0.28,&quot;sizes&quot;:[]},&quot;_transform_scale_effect_tablet&quot;:{&quot;unit&quot;:&quot;px&quot;,&quot;size&quot;:&quot;&quot;,&quot;sizes&quot;:[]},&quot;_transform_scale_effect_mobile&quot;:{&quot;unit&quot;:&quot;px&quot;,&quot;size&quot;:&quot;&quot;,&quot;sizes&quot;:[]}}\" data-widget_type=\"image.default\">\n\t\t\t\t<div class=\"elementor-widget-container\">\n\t\t\t\t\t\t\t\t\t\t\t\t\t\t\t<img decoding=\"async\" src=\"https:\/\/focoprotecao.com.br\/wp-content\/uploads\/2022\/10\/sqr021-col2.svg\" title=\"sqr021-col2\" alt=\"sqr021-col2\" loading=\"lazy\" \/>\t\t\t\t\t\t\t\t\t\t\t\t\t\t\t<\/div>\n\t\t\t\t<\/div>\n\t\t\t\t\t<\/div>\n\t\t<\/div>\n\t\t\t\t\t\t\t<\/div>\n\t\t<\/section>\n\t\t\t\t<section class=\"elementor-section elementor-top-section elementor-element elementor-element-d287687 elementor-section-boxed elementor-section-height-default elementor-section-height-default\" data-id=\"d287687\" data-element_type=\"section\">\n\t\t\t\t\t\t<div class=\"elementor-container elementor-column-gap-wider\">\n\t\t\t\t\t<div class=\"elementor-column elementor-col-100 elementor-top-column elementor-element elementor-element-680f414\" data-id=\"680f414\" data-element_type=\"column\">\n\t\t\t<div class=\"elementor-widget-wrap elementor-element-populated\">\n\t\t\t\t\t\t\t\t<div class=\"elementor-element elementor-element-0933e96 elementor-widget elementor-widget-heading\" data-id=\"0933e96\" data-element_type=\"widget\" data-widget_type=\"heading.default\">\n\t\t\t\t<div class=\"elementor-widget-container\">\n\t\t\t<h3 class=\"elementor-heading-title elementor-size-default\">Parceiros que confiam no  nosso trabalho<\/h3>\t\t<\/div>\n\t\t\t\t<\/div>\n\t\t\t\t\t<\/div>\n\t\t<\/div>\n\t\t\t\t\t\t\t<\/div>\n\t\t<\/section>\n\t\t\t\t<section class=\"elementor-section elementor-top-section elementor-element elementor-element-6834c1d elementor-section-boxed elementor-section-height-default elementor-section-height-default\" data-id=\"6834c1d\" data-element_type=\"section\">\n\t\t\t\t\t\t<div class=\"elementor-container elementor-column-gap-wider\">\n\t\t\t\t\t<div class=\"elementor-column elementor-col-100 elementor-top-column elementor-element elementor-element-fa38941\" data-id=\"fa38941\" data-element_type=\"column\">\n\t\t\t<div class=\"elementor-widget-wrap elementor-element-populated\">\n\t\t\t\t\t\t\t\t<div class=\"elementor-element elementor-element-e3fc405 arrows-relative-to-image slider-layout_1 slider-tablet-default slider-mobile-default slide-h-position-center preserve-img-ratio-cover bullets-small-dot-stroke elementor-widget elementor-widget-the7_content_carousel\" data-id=\"e3fc405\" data-element_type=\"widget\" data-widget_type=\"the7_content_carousel.default\">\n\t\t\t\t<div class=\"elementor-widget-container\">\n\t\t\t<div class=\"carousel-nav-display-always   disable-arrows-hover-bg owl-carousel text-and-icon-carousel elementor-owl-carousel-call the7-elementor-widget the7_content_carousel-e3fc405\" data-scroll-mode=\"1\" data-col-num=\"3\" data-wide-col-num=\"4\" data-laptop-col=\"2\" data-h-tablet-columns-num=\"2\" data-v-tablet-columns-num=\"2\" data-phone-columns-num=\"1\" data-auto-height=\"false\" data-col-gap=\"0\" data-col-gap-tablet=\"\" data-col-gap-mobile=\"\" data-speed=\"600\" data-autoplay=\"false\" data-autoplay_speed=\"\"><div  class=\"dt-owl-item-wrap elements-hover\"  ><div class=\"dt-owl-item-inner \"><div  class=\"dt-owl-item-image layzr-bg img-css-resize-wrapper\"> <img fetchpriority=\"high\" decoding=\"async\" width=\"900\" height=\"600\" src=\"data:image\/svg+xml,%3Csvg%20xmlns%3D&#039;http%3A%2F%2Fwww.w3.org%2F2000%2Fsvg&#039;%20viewBox%3D&#039;0%200%20900%20600&#039;%2F%3E\" class=\"attachment-full size-full preload-me aspect lazy lazy-load\" alt=\"\" sizes=\"(max-width: 900px) 100vw, 900px\" style=\"--ratio: 900 \/ 600;\" data-src=\"https:\/\/focoprotecao.com.br\/wp-content\/uploads\/2023\/11\/autoglass.png\" loading=\"eager\" data-srcset=\"https:\/\/focoprotecao.com.br\/wp-content\/uploads\/2023\/11\/autoglass.png 900w, https:\/\/focoprotecao.com.br\/wp-content\/uploads\/2023\/11\/autoglass-300x200.png 300w, https:\/\/focoprotecao.com.br\/wp-content\/uploads\/2023\/11\/autoglass-768x512.png 768w\" \/><\/div><\/div><\/div><div  class=\"dt-owl-item-wrap elements-hover\"  ><div class=\"dt-owl-item-inner \"><div  class=\"dt-owl-item-image layzr-bg img-css-resize-wrapper\"> <img decoding=\"async\" width=\"900\" height=\"600\" src=\"data:image\/svg+xml,%3Csvg%20xmlns%3D&#039;http%3A%2F%2Fwww.w3.org%2F2000%2Fsvg&#039;%20viewBox%3D&#039;0%200%20900%20600&#039;%2F%3E\" class=\"attachment-full size-full preload-me aspect lazy lazy-load\" alt=\"\" sizes=\"(max-width: 900px) 100vw, 900px\" style=\"--ratio: 900 \/ 600;\" data-src=\"https:\/\/focoprotecao.com.br\/wp-content\/uploads\/2023\/11\/hinova.png\" loading=\"eager\" data-srcset=\"https:\/\/focoprotecao.com.br\/wp-content\/uploads\/2023\/11\/hinova.png 900w, https:\/\/focoprotecao.com.br\/wp-content\/uploads\/2023\/11\/hinova-300x200.png 300w, https:\/\/focoprotecao.com.br\/wp-content\/uploads\/2023\/11\/hinova-768x512.png 768w\" \/><\/div><\/div><\/div><div  class=\"dt-owl-item-wrap elements-hover\"  ><div class=\"dt-owl-item-inner \"><div  class=\"dt-owl-item-image layzr-bg img-css-resize-wrapper\"> <img decoding=\"async\" width=\"900\" height=\"600\" src=\"data:image\/svg+xml,%3Csvg%20xmlns%3D&#039;http%3A%2F%2Fwww.w3.org%2F2000%2Fsvg&#039;%20viewBox%3D&#039;0%200%20900%20600&#039;%2F%3E\" class=\"attachment-full size-full preload-me aspect lazy lazy-load\" alt=\"\" sizes=\"(max-width: 900px) 100vw, 900px\" style=\"--ratio: 900 \/ 600;\" data-src=\"https:\/\/focoprotecao.com.br\/wp-content\/uploads\/2023\/11\/ituran.png\" loading=\"eager\" data-srcset=\"https:\/\/focoprotecao.com.br\/wp-content\/uploads\/2023\/11\/ituran.png 900w, https:\/\/focoprotecao.com.br\/wp-content\/uploads\/2023\/11\/ituran-300x200.png 300w, https:\/\/focoprotecao.com.br\/wp-content\/uploads\/2023\/11\/ituran-768x512.png 768w\" \/><\/div><\/div><\/div><div  class=\"dt-owl-item-wrap elements-hover\"  ><div class=\"dt-owl-item-inner \"><div  class=\"dt-owl-item-image layzr-bg img-css-resize-wrapper\"> <img decoding=\"async\" width=\"900\" height=\"600\" src=\"data:image\/svg+xml,%3Csvg%20xmlns%3D&#039;http%3A%2F%2Fwww.w3.org%2F2000%2Fsvg&#039;%20viewBox%3D&#039;0%200%20900%20600&#039;%2F%3E\" class=\"attachment-full size-full preload-me aspect lazy lazy-load\" alt=\"\" sizes=\"(max-width: 900px) 100vw, 900px\" style=\"--ratio: 900 \/ 600;\" data-src=\"https:\/\/focoprotecao.com.br\/wp-content\/uploads\/2023\/11\/aeo-logo.png\" loading=\"eager\" data-srcset=\"https:\/\/focoprotecao.com.br\/wp-content\/uploads\/2023\/11\/aeo-logo.png 900w, https:\/\/focoprotecao.com.br\/wp-content\/uploads\/2023\/11\/aeo-logo-300x200.png 300w, https:\/\/focoprotecao.com.br\/wp-content\/uploads\/2023\/11\/aeo-logo-768x512.png 768w\" \/><\/div><\/div><\/div><\/div><div class=\"owl-nav disabled\"><a class=\"owl-prev\" role=\"button\"><i class=\"feather feather-chevron-left\"><\/i><\/a><a class=\"owl-next\" role=\"button\"><i class=\"feather feather-chevron-right\"><\/i><\/a><\/div>\t\t<\/div>\n\t\t\t\t<\/div>\n\t\t\t\t\t<\/div>\n\t\t<\/div>\n\t\t\t\t\t\t\t<\/div>\n\t\t<\/section>\n\t\t\t\t\t\t\t<\/div>\n\t\t","protected":false},"excerpt":{"rendered":"<p>A sua melhor escolhaem prote\u00e7\u00e3o veicular A Foco \u00e9 uma associa\u00e7\u00e3o de prote\u00e7\u00e3o veicular com DNA inovador, pioneira em oferecer uma prote\u00e7\u00e3o flex\u00edvel e personalizada, com solu\u00e7\u00f5es que cabem no bolso do associado, de acordo com o perfil e necessidade de cada um. Oferecemos muito mais que prote\u00e7\u00e3o veicular, oferecemos comodidade, tranquilidade e seguran\u00e7a para&hellip;<\/p>\n","protected":false},"author":1,"featured_media":0,"parent":0,"menu_order":4,"comment_status":"closed","ping_status":"closed","template":"","meta":{"footnotes":""},"_links":{"self":[{"href":"https:\/\/focoprotecao.com.br\/index.php?rest_route=\/wp\/v2\/pages\/11192"}],"collection":[{"href":"https:\/\/focoprotecao.com.br\/index.php?rest_route=\/wp\/v2\/pages"}],"about":[{"href":"https:\/\/focoprotecao.com.br\/index.php?rest_route=\/wp\/v2\/types\/page"}],"author":[{"embeddable":true,"href":"https:\/\/focoprotecao.com.br\/index.php?rest_route=\/wp\/v2\/users\/1"}],"replies":[{"embeddable":true,"href":"https:\/\/focoprotecao.com.br\/index.php?rest_route=%2Fwp%2Fv2%2Fcomments&post=11192"}],"version-history":[{"count":15,"href":"https:\/\/focoprotecao.com.br\/index.php?rest_route=\/wp\/v2\/pages\/11192\/revisions"}],"predecessor-version":[{"id":11434,"href":"https:\/\/focoprotecao.com.br\/index.php?rest_route=\/wp\/v2\/pages\/11192\/revisions\/11434"}],"wp:attachment":[{"href":"https:\/\/focoprotecao.com.br\/index.php?rest_route=%2Fwp%2Fv2%2Fmedia&parent=11192"}],"curies":[{"name":"wp","href":"https:\/\/api.w.org\/{rel}","templated":true}]}}